{"id":664,"date":"2024-06-25T18:23:03","date_gmt":"2024-06-25T16:23:03","guid":{"rendered":"https:\/\/christinebrendel.com\/about\/"},"modified":"2024-08-22T12:33:12","modified_gmt":"2024-08-22T10:33:12","slug":"about","status":"publish","type":"page","link":"https:\/\/christinebrendel.com\/de\/about\/","title":{"rendered":"\u00dcber mich"},"content":{"rendered":"<p>[et_pb_section fb_built=&#8220;1&#8243; next_background_color=&#8220;#ffffff&#8220; _builder_version=&#8220;4.26.1&#8243; _module_preset=&#8220;default&#8220; use_background_color_gradient=&#8220;on&#8220; background_color_gradient_stops=&#8220;#ffffff 23%|rgba(255,255,255,0) 99%&#8220; background_color_gradient_overlays_image=&#8220;on&#8220; background_image=&#8220;https:\/\/christinebrendel.com\/wp-content\/uploads\/2024\/06\/AdobeStock_821648243_Preview.jpeg&#8220; parallax=&#8220;on&#8220; bottom_divider_style=&#8220;wave2&#8243; bottom_divider_height=&#8220;50px&#8220; global_colors_info=&#8220;{}&#8220;][et_pb_row column_structure=&#8220;2_5,3_5&#8243; _builder_version=&#8220;4.26.0&#8243; _module_preset=&#8220;default&#8220; global_colors_info=&#8220;{}&#8220;][et_pb_column type=&#8220;2_5&#8243; _builder_version=&#8220;4.26.0&#8243; _module_preset=&#8220;default&#8220; global_colors_info=&#8220;{}&#8220;][et_pb_image src=&#8220;https:\/\/christinebrendel.com\/wp-content\/uploads\/2024\/08\/Portrait_Christine.jpg&#8220; title_text=&#8220;Frauenskulptur_DSC06355&#8243; align_tablet=&#8220;right&#8220; align_phone=&#8220;right&#8220; align_last_edited=&#8220;on|desktop&#8220; _builder_version=&#8220;4.26.1&#8243; _module_preset=&#8220;default&#8220; module_alignment=&#8220;right&#8220; max_height_tablet=&#8220;400px&#8220; max_height_phone=&#8220;&#8220; max_height_last_edited=&#8220;on|desktop&#8220; custom_margin=&#8220;||||false|false&#8220; custom_margin_tablet=&#8220;||||false|false&#8220; custom_margin_phone=&#8220;||||false|false&#8220; custom_margin_last_edited=&#8220;on|tablet&#8220; custom_padding=&#8220;||||false|false&#8220; custom_padding_tablet=&#8220;||||false|false&#8220; custom_padding_phone=&#8220;||||false|false&#8220; custom_padding_last_edited=&#8220;on|desktop&#8220; border_radii=&#8220;on|600px|600px|600px|600px&#8220; border_width_all=&#8220;14px&#8220; border_color_all=&#8220;rgba(184,0,216,0.1)&#8220; border_width_top=&#8220;50px&#8220; border_width_right=&#8220;24px&#8220; border_width_bottom=&#8220;6px&#8220; border_width_left=&#8220;7px&#8220; border_width_all_tablet=&#8220;14px&#8220; border_width_all_phone=&#8220;14px&#8220; border_width_all_last_edited=&#8220;on|phone&#8220; border_width_top_tablet=&#8220;50px&#8220; border_width_top_phone=&#8220;24px&#8220; border_width_top_last_edited=&#8220;on|phone&#8220; global_colors_info=&#8220;{}&#8220;][\/et_pb_image][\/et_pb_column][et_pb_column type=&#8220;3_5&#8243; _builder_version=&#8220;4.26.0&#8243; _module_preset=&#8220;default&#8220; global_colors_info=&#8220;{}&#8220;][et_pb_heading title=&#8220;\u00dcber mich&#8220; _builder_version=&#8220;4.25.2&#8243; _module_preset=&#8220;default&#8220; background_enable_image=&#8220;off&#8220; global_colors_info=&#8220;{}&#8220;][\/et_pb_heading][et_pb_text _builder_version=&#8220;4.26.1&#8243; _module_preset=&#8220;default&#8220; custom_margin=&#8220;||30px||false|false&#8220; custom_margin_tablet=&#8220;||90px||false|false&#8220; custom_margin_phone=&#8220;||90px||false|false&#8220; custom_margin_last_edited=&#8220;on|phone&#8220; global_colors_info=&#8220;{}&#8220;]<\/p>\n<p class=\"p1\">Mein Name ist Christine Brendel, ich habe mich 2023 entschlossen meinen Weg in Irland fortzusetzen und das Land meiner Geburt, Deutschland, zu verlassen. Ich hatte schon mit 19 Jahren meinen Fu\u00df in diesem wunderbaren Land, mich aus famili\u00e4ren Gr\u00fcnden damals aber f\u00fcr ein Bleiben in Deutschland entschieden. Zwei meiner Kinder sind nach Irland gezogen, jedes in eine andere Region.<\/p>\n<p class=\"p1\">Ich habe eine fundierte Ausbildung im Bereich Marketing, PR und Unternehmenskommunikation in M\u00fcnchen absolviert und sp\u00e4ter in den Bereichen Kultur und interkulturelle Kommunikation gearbeitet. Sp\u00e4ter habe ich berufsbegleitend Psychologie an der Open University in UK studiert und Ausbildungen in K\u00f6rperpsychotherapie, Paar- und Sexualtherapie, sowie Weiterbildungen zu Friedensarbeit absolviert.<\/p>\n<p class=\"p1\">Ich habe f\u00fcnf Kinder, bin zweimal geschieden und lebe zusammen mit meinem j\u00fcngsten Sohn und unserer Boxerh\u00fcndin Hildegard.<\/p>\n<p class=\"p1\">Den Titel des Buches von John O`Donnohue \u201eTo bless the space between us\u201c m\u00f6chte ich als meinen Arbeitsauftrag beschrieben.<\/p>\n<p>[\/et_pb_text][\/et_pb_column][\/et_pb_row][\/et_pb_section][et_pb_section fb_built=&#8220;1&#8243; next_background_color=&#8220;#e8f4ed&#8220; _builder_version=&#8220;4.26.1&#8243; _module_preset=&#8220;default&#8220; bottom_divider_style=&#8220;wave2&#8243; bottom_divider_height=&#8220;50px&#8220; global_colors_info=&#8220;{}&#8220;][et_pb_row column_structure=&#8220;3_5,2_5&#8243; _builder_version=&#8220;4.26.0&#8243; _module_preset=&#8220;default&#8220; global_colors_info=&#8220;{}&#8220;][et_pb_column type=&#8220;3_5&#8243; _builder_version=&#8220;4.26.0&#8243; _module_preset=&#8220;default&#8220; global_colors_info=&#8220;{}&#8220;][et_pb_heading title=&#8220;Kontakt&#8220; _builder_version=&#8220;4.25.2&#8243; _module_preset=&#8220;default&#8220; background_enable_image=&#8220;off&#8220; global_colors_info=&#8220;{}&#8220;][\/et_pb_heading][et_pb_text _builder_version=&#8220;4.25.2&#8243; _module_preset=&#8220;default&#8220; global_colors_info=&#8220;{}&#8220;]<\/p>\n<p class=\"p1\">Ich arbeite beratend am liebsten mit einem realen Gegen\u00fcber, aber auch per Zoom ist eine Begleitung oder Beratung m\u00f6glich.<\/p>\n<p>[\/et_pb_text][et_pb_button button_url=&#8220;mailto:contact@christinebrendel.com&#8220; url_new_window=&#8220;on&#8220; button_text=&#8220;E-Mail&#8220; _builder_version=&#8220;4.26.0&#8243; _module_preset=&#8220;default&#8220; custom_button=&#8220;on&#8220; button_text_color=&#8220;#ffffff&#8220; button_bg_color=&#8220;#0520aa&#8220; button_use_icon=&#8220;off&#8220; global_colors_info=&#8220;{}&#8220;][\/et_pb_button][\/et_pb_column][et_pb_column type=&#8220;2_5&#8243; _builder_version=&#8220;4.26.0&#8243; _module_preset=&#8220;default&#8220; global_colors_info=&#8220;{}&#8220;][et_pb_image src=&#8220;https:\/\/christinebrendel.com\/wp-content\/uploads\/2024\/07\/Garderobe_Quadrat_DSC01824-scaled.jpg&#8220; title_text=&#8220;Garderobe&#8220; align_tablet=&#8220;right&#8220; align_phone=&#8220;right&#8220; align_last_edited=&#8220;on|tablet&#8220; _builder_version=&#8220;4.26.1&#8243; _module_preset=&#8220;default&#8220; width_tablet=&#8220;&#8220; width_phone=&#8220;100%&#8220; width_last_edited=&#8220;on|phone&#8220; max_height=&#8220;300px&#8220; custom_margin_tablet=&#8220;-90px||60px||false|false&#8220; custom_margin_phone=&#8220;0px||60px||false|false&#8220; custom_margin_last_edited=&#8220;on|tablet&#8220; border_radii=&#8220;on|600px|600px|600px|600px&#8220; border_width_all=&#8220;14px&#8220; border_color_all=&#8220;rgba(156,30,219,0.08)&#8220; border_width_top=&#8220;24px&#8220; border_width_right=&#8220;24px&#8220; border_width_bottom=&#8220;6px&#8220; border_width_left=&#8220;7px&#8220; border_radii_tablet=&#8220;on|600px|600px|600px|600px&#8220; border_radii_phone=&#8220;on|600px|600px|600px|600px&#8220; border_radii_last_edited=&#8220;on|phone&#8220; global_colors_info=&#8220;{}&#8220;][\/et_pb_image][\/et_pb_column][\/et_pb_row][\/et_pb_section]<\/p>\n","protected":false},"excerpt":{"rendered":"<p>Mein Name ist Christine Brendel, ich habe mich 2023 entschlossen meinen Weg in Irland fortzusetzen und das Land meiner Geburt, Deutschland, zu verlassen. Ich hatte schon mit 19 Jahren meinen Fu\u00df in diesem wunderbaren Land, mich aus famili\u00e4ren Gr\u00fcnden damals aber f\u00fcr ein Bleiben in Deutschland entschieden. Zwei meiner Kinder sind nach Irland gezogen, jedes [&hellip;]<\/p>\n","protected":false},"author":1,"featured_media":0,"parent":0,"menu_order":0,"comment_status":"closed","ping_status":"closed","template":"","meta":{"_et_pb_use_builder":"on","_et_pb_old_content":"","_et_gb_content_width":"","footnotes":""},"class_list":["post-664","page","type-page","status-publish","hentry"],"_links":{"self":[{"href":"https:\/\/christinebrendel.com\/de\/wp-json\/wp\/v2\/pages\/664","targetHints":{"allow":["GET"]}}],"collection":[{"href":"https:\/\/christinebrendel.com\/de\/wp-json\/wp\/v2\/pages"}],"about":[{"href":"https:\/\/christinebrendel.com\/de\/wp-json\/wp\/v2\/types\/page"}],"author":[{"embeddable":true,"href":"https:\/\/christinebrendel.com\/de\/wp-json\/wp\/v2\/users\/1"}],"replies":[{"embeddable":true,"href":"https:\/\/christinebrendel.com\/de\/wp-json\/wp\/v2\/comments?post=664"}],"version-history":[{"count":2,"href":"https:\/\/christinebrendel.com\/de\/wp-json\/wp\/v2\/pages\/664\/revisions"}],"predecessor-version":[{"id":667,"href":"https:\/\/christinebrendel.com\/de\/wp-json\/wp\/v2\/pages\/664\/revisions\/667"}],"wp:attachment":[{"href":"https:\/\/christinebrendel.com\/de\/wp-json\/wp\/v2\/media?parent=664"}],"curies":[{"name":"wp","href":"https:\/\/api.w.org\/{rel}","templated":true}]}}