{"id":641,"date":"2024-06-24T20:43:01","date_gmt":"2024-06-24T18:43:01","guid":{"rendered":"https:\/\/christinebrendel.com\/startseite\/"},"modified":"2025-03-06T16:48:33","modified_gmt":"2025-03-06T15:48:33","slug":"startseite","status":"publish","type":"page","link":"https:\/\/christinebrendel.com\/de\/","title":{"rendered":"Startseite"},"content":{"rendered":"<p>[et_pb_section fb_built=&#8220;1&#8243; _builder_version=&#8220;4.26.0&#8243; _module_preset=&#8220;default&#8220; background_image=&#8220;https:\/\/christinebrendel.com\/wp-content\/uploads\/2024\/06\/AdobeStock_520924203_Zuschnitt-Kopie.jpg&#8220; parallax=&#8220;on&#8220; height=&#8220;500px&#8220; max_height=&#8220;1000px&#8220; custom_padding=&#8220;60px|||||&#8220; global_colors_info=&#8220;{}&#8220;][et_pb_row column_structure=&#8220;1_2,1_2&#8243; _builder_version=&#8220;4.26.0&#8243; _module_preset=&#8220;default&#8220; width=&#8220;100%&#8220; max_width=&#8220;2560px&#8220; module_alignment=&#8220;center&#8220; custom_margin=&#8220;||||false|false&#8220; custom_padding=&#8220;||||false|false&#8220; border_radii=&#8220;on|17px|17px|17px|17px&#8220; global_colors_info=&#8220;{}&#8220;][et_pb_column type=&#8220;1_2&#8243; _builder_version=&#8220;4.25.1&#8243; _module_preset=&#8220;default&#8220; global_colors_info=&#8220;{}&#8220;][et_pb_button button_url=&#8220;@ET-DC@eyJkeW5hbWljIjp0cnVlLCJjb250ZW50IjoicG9zdF9saW5rX3VybF9wYWdlIiwic2V0dGluZ3MiOnsicG9zdF9pZCI6IjQ3IiwiZW5hYmxlX2h0bWwiOiJvZmYifX0=@&#8220; button_text=&#8220;Paartherapie&#8220; button_alignment=&#8220;center&#8220; _builder_version=&#8220;4.26.1&#8243; _dynamic_attributes=&#8220;button_url&#8220; _module_preset=&#8220;default&#8220; custom_button=&#8220;on&#8220; button_bg_color=&#8220;rgba(10,10,10,0.6)&#8220; button_border_color=&#8220;RGBA(255,255,255,0)&#8220; background_layout=&#8220;dark&#8220; custom_margin=&#8220;120px||||false|false&#8220; custom_margin_tablet=&#8220;80px||||false|false&#8220; custom_margin_phone=&#8220;80px||||false|false&#8220; custom_margin_last_edited=&#8220;on|phone&#8220; custom_padding=&#8220;18px|30px|20px|30px|false|false&#8220; animation_style=&#8220;zoom&#8220; global_colors_info=&#8220;{}&#8220;][\/et_pb_button][\/et_pb_column][et_pb_column type=&#8220;1_2&#8243; _builder_version=&#8220;4.25.1&#8243; _module_preset=&#8220;default&#8220; global_colors_info=&#8220;{}&#8220;][et_pb_image src=&#8220;https:\/\/christinebrendel.com\/wp-content\/uploads\/2024\/06\/Zweig-rechts_1433048826.png&#8220; title_text=&#8220;Zweig rechts_1433048826&#8243; align=&#8220;right&#8220; _builder_version=&#8220;4.26.0&#8243; _module_preset=&#8220;default&#8220; max_height=&#8220;440px&#8220; max_height_tablet=&#8220;330px&#8220; max_height_phone=&#8220;220px&#8220; max_height_last_edited=&#8220;on|phone&#8220; custom_margin=&#8220;-60px|-30px|||false|false&#8220; global_colors_info=&#8220;{}&#8220;][\/et_pb_image][\/et_pb_column][\/et_pb_row][\/et_pb_section][et_pb_section fb_built=&#8220;1&#8243; _builder_version=&#8220;4.26.0&#8243; _module_preset=&#8220;default&#8220; background_image=&#8220;https:\/\/christinebrendel.com\/wp-content\/uploads\/2024\/07\/AdobeStock_300756533_Preview-Kopie.jpg&#8220; parallax=&#8220;on&#8220; height=&#8220;500px&#8220; max_height=&#8220;1000px&#8220; custom_padding=&#8220;60px||||false|false&#8220; global_colors_info=&#8220;{}&#8220;][et_pb_row column_structure=&#8220;1_2,1_2&#8243; _builder_version=&#8220;4.26.0&#8243; _module_preset=&#8220;default&#8220; width=&#8220;100%&#8220; max_width=&#8220;2560px&#8220; custom_padding=&#8220;||||false|false&#8220; border_radii=&#8220;on|17px|17px|17px|17px&#8220; global_colors_info=&#8220;{}&#8220; custom_css_main_element_last_edited=&#8220;on|phone&#8220; custom_css_main_element_phone=&#8220;display: flex;||flex-wrap: wrap;&#8220;][et_pb_column type=&#8220;1_2&#8243; _builder_version=&#8220;4.26.0&#8243; _module_preset=&#8220;default&#8220; global_colors_info=&#8220;{}&#8220; custom_css_main_element_last_edited=&#8220;on|phone&#8220; custom_css_main_element_phone=&#8220;order:2;&#8220;][et_pb_image src=&#8220;https:\/\/christinebrendel.com\/wp-content\/uploads\/2024\/06\/Tiere_iStock-1206442881.png&#8220; title_text=&#8220;Tiere_iStock-1206442881&#8243; align=&#8220;center&#8220; src_last_edited=&#8220;off|desktop&#8220; _builder_version=&#8220;4.26.0&#8243; _module_preset=&#8220;default&#8220; transform_scale=&#8220;66%|66%&#8220; width=&#8220;100%&#8220; width_tablet=&#8220;100%&#8220; width_phone=&#8220;100%&#8220; width_last_edited=&#8220;on|desktop&#8220; max_height=&#8220;440px&#8220; max_height_tablet=&#8220;330px&#8220; max_height_phone=&#8220;220px&#8220; max_height_last_edited=&#8220;on|phone&#8220; custom_margin=&#8220;||||false|false&#8220; custom_margin_tablet=&#8220;&#8220; custom_margin_phone=&#8220;||||false|false&#8220; custom_margin_last_edited=&#8220;on|phone&#8220; global_colors_info=&#8220;{}&#8220;][\/et_pb_image][\/et_pb_column][et_pb_column type=&#8220;1_2&#8243; _builder_version=&#8220;4.26.0&#8243; _module_preset=&#8220;default&#8220; global_colors_info=&#8220;{}&#8220; custom_css_main_element_last_edited=&#8220;on|phone&#8220; custom_css_main_element_phone=&#8220;order:1;&#8220;][et_pb_button button_url=&#8220;@ET-DC@eyJkeW5hbWljIjp0cnVlLCJjb250ZW50IjoicG9zdF9saW5rX3VybF9wYWdlIiwic2V0dGluZ3MiOnsicG9zdF9pZCI6IjY5IiwiZW5hYmxlX2h0bWwiOiJvZmYifX0=@&#8220; button_text=&#8220;Seminare&#8220; button_alignment=&#8220;center&#8220; _builder_version=&#8220;4.26.1&#8243; _dynamic_attributes=&#8220;button_url&#8220; _module_preset=&#8220;default&#8220; custom_button=&#8220;on&#8220; button_bg_color=&#8220;rgba(10,10,10,0.6)&#8220; button_border_color=&#8220;RGBA(255,255,255,0)&#8220; background_layout=&#8220;dark&#8220; custom_margin=&#8220;120px||||false|false&#8220; custom_margin_tablet=&#8220;120px||||false|false&#8220; custom_margin_phone=&#8220;80px||||false|false&#8220; custom_margin_last_edited=&#8220;on|phone&#8220; custom_padding=&#8220;18px|30px|20px|30px|false|false&#8220; animation_style=&#8220;zoom&#8220; global_colors_info=&#8220;{}&#8220;][\/et_pb_button][\/et_pb_column][\/et_pb_row][\/et_pb_section][et_pb_section fb_built=&#8220;1&#8243; _builder_version=&#8220;4.25.2&#8243; _module_preset=&#8220;default&#8220; background_enable_image=&#8220;off&#8220; width=&#8220;100%&#8220; max_width=&#8220;100%&#8220; module_alignment=&#8220;center&#8220; custom_margin=&#8220;0px|0px|0px|0px|false|false&#8220; custom_padding=&#8220;0px|0px|0px|0px|false|false&#8220; global_colors_info=&#8220;{}&#8220;][et_pb_row column_structure=&#8220;1_3,1_3,1_3&#8243; _builder_version=&#8220;4.26.1&#8243; _module_preset=&#8220;default&#8220; background_color=&#8220;RGBA(255,255,255,0)&#8220; background_image=&#8220;https:\/\/christinebrendel.com\/wp-content\/uploads\/2024\/06\/iStock-1201046602_Blaetter_gruen.png&#8220; background_position=&#8220;top_center&#8220; width=&#8220;100%&#8220; width_tablet=&#8220;100%&#8220; width_phone=&#8220;100%&#8220; width_last_edited=&#8220;on|phone&#8220; max_width=&#8220;2560px&#8220; custom_margin=&#8220;||||false|false&#8220; custom_padding=&#8220;||||false|false&#8220; background_last_edited=&#8220;on|phone&#8220; background_image_tablet=&#8220;https:\/\/christinebrendel.com\/wp-content\/uploads\/2024\/07\/Blaetter_mobile.png&#8220; background_image_phone=&#8220;https:\/\/christinebrendel.com\/wp-content\/uploads\/2024\/07\/Blaetter_mobile02.png&#8220; background_enable_image_tablet=&#8220;on&#8220; background_enable_image_phone=&#8220;on&#8220; background_position_phone=&#8220;top_center&#8220; global_colors_info=&#8220;{}&#8220;][et_pb_column type=&#8220;1_3&#8243; _builder_version=&#8220;4.25.2&#8243; _module_preset=&#8220;default&#8220; global_colors_info=&#8220;{}&#8220;][\/et_pb_column][et_pb_column type=&#8220;1_3&#8243; _builder_version=&#8220;4.25.2&#8243; _module_preset=&#8220;default&#8220; global_colors_info=&#8220;{}&#8220;][et_pb_text _builder_version=&#8220;4.26.1&#8243; _module_preset=&#8220;default&#8220; custom_margin=&#8220;120px||120px||false|false&#8220; custom_margin_tablet=&#8220;120px||120px||false|false&#8220; custom_margin_phone=&#8220;100px||0px||false|false&#8220; custom_margin_last_edited=&#8220;on|phone&#8220; custom_padding=&#8220;|10px||10px|false|false&#8220; global_colors_info=&#8220;{}&#8220;]<\/p>\n<h3 style=\"text-align: center;\">M\u00f6ge alles Unverziehene<br \/>Von Dir losgelassen werden.<\/h3>\n<h3 style=\"text-align: center;\">M\u00f6gen deine \u00c4ngste<br \/>Ihre tiefste Beruhigung finden.<\/h3>\n<h3 style=\"text-align: center;\">M\u00f6ge alles, was in Dir nicht lebendig ist<br \/>In die Zukunft bl\u00fchen<br \/>Gesegnet mit Liebe.<\/h3>\n<p style=\"text-align: center;\"><em>John O&#8217;Donohue<\/em><\/p>\n<p>[\/et_pb_text][\/et_pb_column][et_pb_column type=&#8220;1_3&#8243; _builder_version=&#8220;4.25.2&#8243; _module_preset=&#8220;default&#8220; global_colors_info=&#8220;{}&#8220;][\/et_pb_column][\/et_pb_row][\/et_pb_section]<\/p>\n","protected":false},"excerpt":{"rendered":"<p>M\u00f6ge alles UnverzieheneVon Dir losgelassen werden. M\u00f6gen deine \u00c4ngsteIhre tiefste Beruhigung finden. M\u00f6ge alles, was in Dir nicht lebendig istIn die Zukunft bl\u00fchenGesegnet mit Liebe. John O&#8217;Donohue<\/p>\n","protected":false},"author":1,"featured_media":0,"parent":0,"menu_order":0,"comment_status":"closed","ping_status":"closed","template":"","meta":{"_et_pb_use_builder":"on","_et_pb_old_content":"","_et_gb_content_width":"","footnotes":""},"class_list":["post-641","page","type-page","status-publish","hentry"],"_links":{"self":[{"href":"https:\/\/christinebrendel.com\/de\/wp-json\/wp\/v2\/pages\/641","targetHints":{"allow":["GET"]}}],"collection":[{"href":"https:\/\/christinebrendel.com\/de\/wp-json\/wp\/v2\/pages"}],"about":[{"href":"https:\/\/christinebrendel.com\/de\/wp-json\/wp\/v2\/types\/page"}],"author":[{"embeddable":true,"href":"https:\/\/christinebrendel.com\/de\/wp-json\/wp\/v2\/users\/1"}],"replies":[{"embeddable":true,"href":"https:\/\/christinebrendel.com\/de\/wp-json\/wp\/v2\/comments?post=641"}],"version-history":[{"count":6,"href":"https:\/\/christinebrendel.com\/de\/wp-json\/wp\/v2\/pages\/641\/revisions"}],"predecessor-version":[{"id":865,"href":"https:\/\/christinebrendel.com\/de\/wp-json\/wp\/v2\/pages\/641\/revisions\/865"}],"wp:attachment":[{"href":"https:\/\/christinebrendel.com\/de\/wp-json\/wp\/v2\/media?parent=641"}],"curies":[{"name":"wp","href":"https:\/\/api.w.org\/{rel}","templated":true}]}}